{"id":18,"date":"2025-10-08T08:23:23","date_gmt":"2025-10-08T08:23:23","guid":{"rendered":"https:\/\/natanael.cnita.fr\/?page_id=18"},"modified":"2025-10-08T12:09:33","modified_gmt":"2025-10-08T12:09:33","slug":"acceuil","status":"publish","type":"page","link":"https:\/\/natanael.cnita.fr\/","title":{"rendered":"Gardona"},"content":{"rendered":"\n<p><strong><em>D\u00e9veloppement Web<\/em><\/strong><\/p>\n\n\n\n<p>\ud83d\udc4b Bienvenue sur mon site<\/p>\n\n\n\n<p>Je suis Natana\u00ebl, un d\u00e9veloppeur passionn\u00e9 qui cr\u00e9e des exp\u00e9riences web modernes, intuitives et performantes.<\/p>\n\n\n\n<p>\ud83d\udcbb <strong>Ce que j\u2019aime :<\/strong><\/p>\n\n\n\n<ul class=\"wp-block-list\">\n<li>Concevoir des interfaces simples et efficaces<\/li>\n\n\n\n<li>Apprendre en continu les nouvelles technologies du web<\/li>\n\n\n\n<li>Collaborer avec les clients sur des projets<\/li>\n<\/ul>\n\n\n\n<p>\ud83c\udfaf <strong>Mon objectif :<\/strong> allier design, performance et accessibilit\u00e9 pour offrir des solutions digitales qui font la diff\u00e9rence.<\/p>\n\n\n\n<p>N\u2019h\u00e9site pas \u00e0 parcourir mon Github pour d\u00e9couvrir mes r\u00e9alisations et mes comp\u00e9tences. \ud83d\ude80<\/p>\n\n\n\n<h3 class=\"wp-block-heading\">ce que je propose<\/h3>\n\n\n\n<ul class=\"wp-block-list\">\n<li><strong>Site vitrine<\/strong> \u2013 Pour pr\u00e9senter ton activit\u00e9 ou ton portfolio.<\/li>\n\n\n\n<li><strong>Site e-commerce<\/strong> \u2013 Pour vendre tes produits ou services.<\/li>\n\n\n\n<li><strong>Applications web<\/strong> \u2013 Pour des solutions sur mesure.<\/li>\n<\/ul>\n\n\n\n<h4 class=\"wp-block-heading\">Restons en contact<\/h4>\n\n\n\n<ul class=\"wp-block-social-links is-style-default is-horizontal is-content-justification-center is-layout-flex wp-container-core-social-links-is-layout-03627597 wp-block-social-links-is-layout-flex\"><li class=\"wp-social-link wp-social-link-github  wp-block-social-link\"><a href=\"https:\/\/github.com\/nat730\" class=\"wp-block-social-link-anchor\"><svg width=\"24\" height=\"24\" viewBox=\"0 0 24 24\" version=\"1.1\" xmlns=\"http:\/\/www.w3.org\/2000\/svg\" aria-hidden=\"true\" focusable=\"false\"><path d=\"M12,2C6.477,2,2,6.477,2,12c0,4.419,2.865,8.166,6.839,9.489c0.5,0.09,0.682-0.218,0.682-0.484 c0-0.236-0.009-0.866-0.014-1.699c-2.782,0.602-3.369-1.34-3.369-1.34c-0.455-1.157-1.11-1.465-1.11-1.465 c-0.909-0.62,0.069-0.608,0.069-0.608c1.004,0.071,1.532,1.03,1.532,1.03c0.891,1.529,2.341,1.089,2.91,0.833 c0.091-0.647,0.349-1.086,0.635-1.337c-2.22-0.251-4.555-1.111-4.555-4.943c0-1.091,0.39-1.984,1.03-2.682 C6.546,8.54,6.202,7.524,6.746,6.148c0,0,0.84-0.269,2.75,1.025C10.295,6.95,11.15,6.84,12,6.836 c0.85,0.004,1.705,0.114,2.504,0.336c1.909-1.294,2.748-1.025,2.748-1.025c0.546,1.376,0.202,2.394,0.1,2.646 c0.64,0.699,1.026,1.591,1.026,2.682c0,3.841-2.337,4.687-4.565,4.935c0.359,0.307,0.679,0.917,0.679,1.852 c0,1.335-0.012,2.415-0.012,2.741c0,0.269,0.18,0.579,0.688,0.481C19.138,20.161,22,16.416,22,12C22,6.477,17.523,2,12,2z\"><\/path><\/svg><span class=\"wp-block-social-link-label screen-reader-text\">GitHub<\/span><\/a><\/li>\n\n<li class=\"wp-social-link wp-social-link-linkedin  wp-block-social-link\"><a href=\"https:\/\/www.linkedin.com\/in\/natana\u00ebl-colart-04241a209\/\" class=\"wp-block-social-link-anchor\"><svg width=\"24\" height=\"24\" viewBox=\"0 0 24 24\" version=\"1.1\" xmlns=\"http:\/\/www.w3.org\/2000\/svg\" aria-hidden=\"true\" focusable=\"false\"><path d=\"M19.7,3H4.3C3.582,3,3,3.582,3,4.3v15.4C3,20.418,3.582,21,4.3,21h15.4c0.718,0,1.3-0.582,1.3-1.3V4.3 C21,3.582,20.418,3,19.7,3z M8.339,18.338H5.667v-8.59h2.672V18.338z M7.004,8.574c-0.857,0-1.549-0.694-1.549-1.548 c0-0.855,0.691-1.548,1.549-1.548c0.854,0,1.547,0.694,1.547,1.548C8.551,7.881,7.858,8.574,7.004,8.574z M18.339,18.338h-2.669 v-4.177c0-0.996-0.017-2.278-1.387-2.278c-1.389,0-1.601,1.086-1.601,2.206v4.249h-2.667v-8.59h2.559v1.174h0.037 c0.356-0.675,1.227-1.387,2.526-1.387c2.703,0,3.203,1.779,3.203,4.092V18.338z\"><\/path><\/svg><span class=\"wp-block-social-link-label screen-reader-text\">LinkedIn<\/span><\/a><\/li>\n\n<li class=\"wp-social-link wp-social-link-mail  wp-block-social-link\"><a href=\"mailto:na&#116;&#097;naelc&#111;&#108;ar&#116;&#064;&#103;m&#097;i&#108;.&#099;o&#109;\" class=\"wp-block-social-link-anchor\"><svg width=\"24\" height=\"24\" viewBox=\"0 0 24 24\" version=\"1.1\" xmlns=\"http:\/\/www.w3.org\/2000\/svg\" aria-hidden=\"true\" focusable=\"false\"><path d=\"M19,5H5c-1.1,0-2,.9-2,2v10c0,1.1.9,2,2,2h14c1.1,0,2-.9,2-2V7c0-1.1-.9-2-2-2zm.5,12c0,.3-.2.5-.5.5H5c-.3,0-.5-.2-.5-.5V9.8l7.5,5.6,7.5-5.6V17zm0-9.1L12,13.6,4.5,7.9V7c0-.3.2-.5.5-.5h14c.3,0,.5.2.5.5v.9z\"><\/path><\/svg><span class=\"wp-block-social-link-label screen-reader-text\">E-mail<\/span><\/a><\/li>\n\n<li class=\"wp-social-link wp-social-link-discord  wp-block-social-link\"><a href=\"https:\/\/discord.gg\/syZVKHqa\" class=\"wp-block-social-link-anchor\"><svg width=\"24\" height=\"24\" version=\"1.1\" viewBox=\"0 0 24 24\" xmlns=\"http:\/\/www.w3.org\/2000\/svg\" aria-hidden=\"true\" focusable=\"false\"><path d=\"M20.317 4.369A19.88 19.88 0 0 0 15.894 3a14.145 14.145 0 0 0-.719 1.518 19.205 19.205 0 0 0-5.351 0A14.183 14.183 0 0 0 9.104 3 19.896 19.896 0 0 0 4.682 4.369a18.921 18.921 0 0 0-3.012 12.52 19.929 19.929 0 0 0 6.081 3.097c.487-.65.922-1.339 1.3-2.061a12.445 12.445 0 0 1-1.958-.896c.165-.12.326-.246.483-.374a12.445 12.445 0 0 0 8.946 0c.157.128.318.253.483.374-.627.371-1.281.683-1.958.896.379.722.813 1.41 1.3 2.061a19.94 19.94 0 0 0 6.081-3.097 18.921 18.921 0 0 0-3.012-12.52ZM8.12 15.233c-1.202 0-2.184-1.09-2.184-2.431 0-1.34.97-2.431 2.184-2.431 1.213 0 2.202 1.09 2.184 2.431 0 1.341-.97 2.431-2.184 2.431Zm7.757 0c-1.202 0-2.184-1.09-2.184-2.431 0-1.34.97-2.431 2.184-2.431 1.213 0 2.202 1.09 2.184 2.431 0 1.341-.97 2.431-2.184 2.431Z\"\/><\/svg><span class=\"wp-block-social-link-label screen-reader-text\">Discord<\/span><\/a><\/li><\/ul>\n","protected":false},"excerpt":{"rendered":"<p>D\u00e9veloppement Web \ud83d\udc4b Bienvenue sur mon site Je suis Natana\u00ebl, un d\u00e9veloppeur passionn\u00e9 qui cr\u00e9e des exp\u00e9riences web modernes, intuitives et performantes. \ud83d\udcbb Ce que j\u2019aime : \ud83c\udfaf Mon objectif : allier design, performance et accessibilit\u00e9 pour offrir des solutions digitales qui font la diff\u00e9rence. N\u2019h\u00e9site pas \u00e0 parcourir mon Github pour d\u00e9couvrir mes r\u00e9alisations [&hellip;]<\/p>\n","protected":false},"author":1,"featured_media":0,"parent":0,"menu_order":0,"comment_status":"closed","ping_status":"closed","template":"","meta":{"footnotes":""},"class_list":["post-18","page","type-page","status-publish","hentry"],"_links":{"self":[{"href":"https:\/\/natanael.cnita.fr\/index.php?rest_route=\/wp\/v2\/pages\/18","targetHints":{"allow":["GET"]}}],"collection":[{"href":"https:\/\/natanael.cnita.fr\/index.php?rest_route=\/wp\/v2\/pages"}],"about":[{"href":"https:\/\/natanael.cnita.fr\/index.php?rest_route=\/wp\/v2\/types\/page"}],"author":[{"embeddable":true,"href":"https:\/\/natanael.cnita.fr\/index.php?rest_route=\/wp\/v2\/users\/1"}],"replies":[{"embeddable":true,"href":"https:\/\/natanael.cnita.fr\/index.php?rest_route=%2Fwp%2Fv2%2Fcomments&post=18"}],"version-history":[{"count":8,"href":"https:\/\/natanael.cnita.fr\/index.php?rest_route=\/wp\/v2\/pages\/18\/revisions"}],"predecessor-version":[{"id":54,"href":"https:\/\/natanael.cnita.fr\/index.php?rest_route=\/wp\/v2\/pages\/18\/revisions\/54"}],"wp:attachment":[{"href":"https:\/\/natanael.cnita.fr\/index.php?rest_route=%2Fwp%2Fv2%2Fmedia&parent=18"}],"curies":[{"name":"wp","href":"https:\/\/api.w.org\/{rel}","templated":true}]}}